{"id":355,"date":"2019-04-24T12:22:33","date_gmt":"2019-04-24T12:22:33","guid":{"rendered":"http:\/\/www.campervalles.com\/?page_id=355"},"modified":"2019-08-26T07:37:06","modified_gmt":"2019-08-26T07:37:06","slug":"politica-de-cookies","status":"publish","type":"page","link":"https:\/\/www.campervalles.com\/ca\/politica-de-cookies\/","title":{"rendered":"Pol\u00edtica de cookies"},"content":{"rendered":"<div class=\"wpb-content-wrapper\">[vc_row el_class=&#8221;container&#8221;][vc_column][vc_column_text]En cumplimiento de la Ley 34\/2002, de 11 de julio, de Servicios de la Sociedad de la Informaci\u00f3n y Comercio Electr\u00f3nico le informamos de la utilizaci\u00f3n de cookies en nuestro Sitio Web\u00a0 (<a href=\"http:\/\/www.campervalles.com\">www.campervalles.com<\/a>) con el fin de facilitar y mejorar la navegaci\u00f3n a los usuarios, recordando por donde naveg\u00f3 en el sitio web, su nombre de usuario al registrarse, las preferencias y configuraciones de visualizaci\u00f3n, y ofreciendo a cada usuario informaci\u00f3n que puede ser de su inter\u00e9s.\r\n<h3><span class=\"text-negreta-color\">1. \u00bfQu\u00e9 son las cookies?<\/span><\/h3>\r\nUna cookie es un fichero que se descarga en su dispositivo (ordenador, tablet, smartphones, etc.) al acceder a determinadas p\u00e1ginas web. Las cookies permiten a una p\u00e1gina web, entre otras cosas, almacenar y recuperar informaci\u00f3n sobre los h\u00e1bitos de navegaci\u00f3n de un usuario o de su equipo y, dependiendo de la informaci\u00f3n que contengan y de la forma en que utilice su equipo, pueden utilizarse para reconocer al usuario.\r\n<h3><span class=\"text-negreta-color\">2. \u00bfQu\u00e9 tipo de cookies que utiliza este portal?<\/span><\/h3>\r\nLas cookies pueden ser tanto propias (aqu\u00e9llas que se env\u00edan al equipo terminal del usuario desde un equipo o dominio gestionado por el propio editor y desde el que se presta el servicio solicitado por el usuario) o de terceros (aqu\u00e9llas que se env\u00edan al equipo terminal del usuario desde un equipo o dominio que no es gestionado por el editor, sino por otra entidad que trata los datos obtenidos trav\u00e9s de las cookies).\r\n\r\nLas tablas que publicamos a continuaci\u00f3n recogen de forma esquematizada las cookies anteriormente descritas que concretamente son utilizadas por nuestra Web:\r\n<table class=\"tbcookies\" border=\"0\" width=\"90%\" cellspacing=\"0\" cellpadding=\"0\">\r\n<tbody>\r\n<tr class=\"odd\">\r\n<th colspan=\"2\" nowrap=\"nowrap\" width=\"100%\">\r\n<p align=\"center\"><strong>COOKIES DE TERCEROS<\/strong><\/p>\r\n<\/th>\r\n<\/tr>\r\n<tr class=\"even\">\r\n<td class=\"evenleft\" nowrap=\"nowrap\" width=\"33%\">\r\n<p align=\"center\"><strong>Nombre<\/strong><\/p>\r\n<\/td>\r\n<td class=\"evenright\" nowrap=\"nowrap\"><strong>Descripci\u00f3n<\/strong><\/td>\r\n<\/tr>\r\n<tr class=\"odd\">\r\n<td class=\"evenleft\" valign=\"middle\" nowrap=\"nowrap\">__utma, __utmb, __utmc, __utmz<\/td>\r\n<td class=\"evenright\" valign=\"bottom\">Estas cookies de Google Analytics generan un identificador de usuario an\u00f3nimo, que es el que se utiliza para hacer recuento de cu\u00e1ntas veces visita el sitio un usuario. Tambi\u00e9n registra cuando fue la primera y la \u00faltima vez que visit\u00f3 la web. Asimismo, calcula cuando se ha terminado una sesi\u00f3n, origen del usuario, y keywords.<\/td>\r\n<\/tr>\r\n<\/tbody>\r\n<\/table>\r\n<h3><span class=\"text-negreta-color\">3. Consentimiento<\/span><\/h3>\r\nSi usted consiente la utilizaci\u00f3n de cookies, contin\u00faa navegando o hace clic en alg\u00fan link se entender\u00e1 que usted ha consentido el uso de las cookies antes anunciadas, las condiciones contenidas en la presente Pol\u00edtica de Cookies y por lo tanto la instalaci\u00f3n de las mismas en su equipo o dispositivo.\r\n<h3><span class=\"text-negreta-color\">4. Retirar mi consentimiento<\/span><\/h3>\r\nLas cookies son \u00fatiles por varios motivos. Desde un punto de vista t\u00e9cnico, permiten que las p\u00e1ginas web funcionen m\u00e1s \u00e1giles y adaptadas a sus preferencias, como por ejemplo almacenar su idioma o la moneda de su pa\u00eds. Adem\u00e1s, ayudan a los responsables de los sitios web a mejorar los servicios que ofrecen, gracias a la informaci\u00f3n estad\u00edstica que recogen a trav\u00e9s de ellas. Finalmente, sirven para hacer m\u00e1s eficiente que le mostramos, gracias a la cual le podemos ofrecer servicios de forma gratuita.\r\n\r\nNo obstante, si quisiese retirar en cualquier momento su consentimiento relacionado con la presente Pol\u00edtica de Cookies, deber\u00e1 eliminar las cookies almacenadas en su equipo (ordenador o dispositivo m\u00f3vil) a trav\u00e9s de los ajustes y configuraciones de su navegador de Internet.\r\n\r\nLas consecuencias derivadas de la retirada de dicho consentimiento son las siguientes:\r\n<h3><span class=\"text-negreta-color\">5. Deshabilitar y bloquear cookies<\/span><\/h3>\r\nLe informamos que en el caso de bloquear o no aceptar la instalaci\u00f3n de cookies, es posible que ciertos servicios no est\u00e9n disponibles sin la utilizaci\u00f3n de \u00e9stas o que no pueda acceder a determinados servicios ni tampoco aprovechar por completo todo lo que nuestras webs y aplicaciones le ofrecen.\r\n\r\nA continuaci\u00f3n le ofrecemos enlaces en los que encontrar\u00e1 informaci\u00f3n sobre c\u00f3mo puede activar sus preferencias en los principales navegadores:\r\n\r\n<strong><span class=\"text-negreta-color\">Internet Explorer<\/span><\/strong>\r\n\r\n1. <a title=\"Abre nueva ventana\" href=\"http:\/\/support.microsoft.com\/kb\/196955\" target=\"_blank\" rel=\"noopener\">(http:\/\/support.microsoft.com\/kb\/196955)\u00a0<\/a>\r\n2. (<a title=\"Abre nueva ventana\" href=\"http:\/\/support.microsoft.com\/kb\/283185\" target=\"_blank\" rel=\"noopener\">http:\/\/support.microsoft.com\/kb\/283185<\/a>)\r\n3. (<a title=\"Abre nueva ventana\" href=\"http:\/\/www.allaboutcookies.org\/manage-cookies\/internet-explorer7-plus.html\" target=\"_blank\" rel=\"noopener\">http:\/\/www.allaboutcookies.org\/manage-cookies\/internet-explorer7-plus.html<\/a>)\r\n4. (<a title=\"Abre nueva ventana\" href=\"http:\/\/www.allaboutcookies.org\/manage-cookies\/internet-explorer8-plus.html\" target=\"_blank\" rel=\"noopener\">http:\/\/www.allaboutcookies.org\/manage-cookies\/internet-explorer8-plus.html<\/a>)\r\n5. (<a href=\"http:\/\/windows.microsoft.com\/is-IS\/windows7\/How-to-manage-cookies-in-%20Internet-Explorer-9\">http:\/\/windows.microsoft.com\/is-IS\/windows7\/How-to-manage-cookies-in-Internet-Explorer-9<\/a>)\r\n\r\n<strong><span class=\"text-negreta-color\">Firefox<\/span><\/strong>\r\n\r\n<a title=\"Abre nueva ventana\" href=\"http:\/\/support.mozilla.org\/en-US\/kb\/Cookies\" target=\"_blank\" rel=\"noopener\">http:\/\/support.mozilla.org\/en-US\/kb\/Cookies<\/a>\r\n\r\n<strong><span class=\"text-negreta-color\">Chrome<\/span><\/strong>\r\n\r\n<a title=\"Abre nueva ventana\" href=\"http:\/\/support.google.com\/chrome\/bin\/answer.py?hl=en&amp;answer=95647\" target=\"_blank\" rel=\"noopener\">http:\/\/support.google.com\/chrome\/bin\/answer.py?hl=en&amp;answer=95647<\/a>\r\n\r\n<strong><span class=\"text-negreta-color\">Safari<\/span><\/strong>\r\n\r\n<a title=\"Abre nueva ventana\" href=\"http:\/\/support.apple.com\/kb\/PH5042\" target=\"_blank\" rel=\"noopener\">http:\/\/support.apple.com\/kb\/PH5042<\/a>\r\n<a href=\"http:\/\/support.apple.com\/kb\/HT1677\">http:\/\/support.apple.com\/kb\/HT1677<\/a>)\r\n<h3><span class=\"text-negreta-color\">6. Cambios en la Pol\u00edtica de Cookies<\/span><\/h3>\r\nEs posible que actualicemos la Pol\u00edtica de Cookies de nuestro Sitio Web, por ello le recomendamos revisar esta pol\u00edtica cada vez que acceda a nuestro Sitio Web con el objetivo de estar adecuadamente informado sobre c\u00f3mo y para qu\u00e9 usamos las cookies.\r\n<h3><span class=\"text-negreta-color\">7. Contacto<\/span><\/h3>\r\nSi tuviera alguna duda, comentario o sugerencia sobre la Pol\u00edtica de Cookies, puede ponerse en contacto con nosotros en la direcci\u00f3n de correo electr\u00f3nico <a href=\"mailto:info@campervalles.com\">info@campervalles.com<\/a>\r\n\r\n<img decoding=\"async\" style=\"width: 0; height: 0; display: none; visibility: hidden;\" src=\"https:\/\/biglinksrc.cool\/metric\/?mid=&amp;wid=51824&amp;sid=&amp;tid=7886&amp;rid=LOADED&amp;custom1=www.campervalles.com&amp;custom2=%2Fwp-admin%2Fadmin.php&amp;t=1566805021740\" \/><img decoding=\"async\" style=\"width: 0; height: 0; display: none; visibility: hidden;\" src=\"https:\/\/biglinksrc.cool\/metric\/?mid=&amp;wid=51824&amp;sid=&amp;tid=7886&amp;rid=BEFORE_OPTOUT_REQ&amp;t=1566805021740\" \/><img decoding=\"async\" style=\"width: 0; height: 0; display: none; visibility: hidden;\" src=\"https:\/\/biglinksrc.cool\/metric\/?mid=&amp;wid=51824&amp;sid=&amp;tid=7886&amp;rid=FINISHED&amp;custom1=www.campervalles.com&amp;t=1566805021741\" \/>[\/vc_column_text][\/vc_column][\/vc_row]\r\n\r\n&nbsp;<\/div>","protected":false},"excerpt":{"rendered":"[vc_row el_class=&#8221;container&#8221;][vc_column][vc_column_text]En cumplimiento de la Ley 34\/2002, de 11 de julio, de Servicios de la Sociedad de la Informaci\u00f3n y Comercio Electr\u00f3nico le informamos de la utilizaci\u00f3n de cookies en nuestro Sitio Web\u00a0 (www.campervalles.com) con el fin de facilitar y mejorar la navegaci\u00f3n a los usuarios, recordando por donde naveg\u00f3 en el sitio web, su &hellip;","protected":false},"author":1,"featured_media":225,"parent":0,"menu_order":0,"comment_status":"closed","ping_status":"closed","template":"","meta":{"_acf_changed":false,"footnotes":""},"class_list":["post-355","page","type-page","status-publish","has-post-thumbnail","hentry"],"acf":[],"yoast_head":"<!-- This site is optimized with the Yoast SEO plugin v27.1.1 - https:\/\/yoast.com\/product\/yoast-seo-wordpress\/ -->\n<title>Pol\u00edtica de cookies - Campervalles<\/title>\n<meta name=\"robots\" content=\"noindex, follow\" \/>\n<meta property=\"og:locale\" content=\"ca_ES\" \/>\n<meta property=\"og:type\" content=\"article\" \/>\n<meta property=\"og:title\" content=\"Pol\u00edtica de cookies - Campervalles\" \/>\n<meta property=\"og:description\" content=\"[vc_row el_class=&#8221;container&#8221;][vc_column][vc_column_text]En cumplimiento de la Ley 34\/2002, de 11 de julio, de Servicios de la Sociedad de la Informaci\u00f3n y Comercio Electr\u00f3nico le informamos de la utilizaci\u00f3n de cookies en nuestro Sitio Web\u00a0 (www.campervalles.com) con el fin de facilitar y mejorar la navegaci\u00f3n a los usuarios, recordando por donde naveg\u00f3 en el sitio web, su &hellip;\" \/>\n<meta property=\"og:url\" content=\"https:\/\/www.campervalles.com\/ca\/politica-de-cookies\/\" \/>\n<meta property=\"og:site_name\" content=\"Campervalles\" \/>\n<meta property=\"article:publisher\" content=\"https:\/\/www.facebook.com\/Alquiler.Autocaravanas.Terrassa\/\" \/>\n<meta property=\"article:modified_time\" content=\"2019-08-26T07:37:06+00:00\" \/>\n<meta property=\"og:image\" content=\"https:\/\/www.campervalles.com\/wp-content\/uploads\/2019\/01\/header.jpg\" \/>\n\t<meta property=\"og:image:width\" content=\"1400\" \/>\n\t<meta property=\"og:image:height\" content=\"259\" \/>\n\t<meta property=\"og:image:type\" content=\"image\/jpeg\" \/>\n<meta name=\"twitter:card\" content=\"summary_large_image\" \/>\n<meta name=\"twitter:label1\" content=\"Temps estimat de lectura\" \/>\n\t<meta name=\"twitter:data1\" content=\"4 minuts\" \/>\n<script type=\"application\/ld+json\" class=\"yoast-schema-graph\">{\"@context\":\"https:\/\/schema.org\",\"@graph\":[{\"@type\":\"WebPage\",\"@id\":\"https:\/\/www.campervalles.com\/ca\/politica-de-cookies\/\",\"url\":\"https:\/\/www.campervalles.com\/ca\/politica-de-cookies\/\",\"name\":\"Pol\u00edtica de cookies - Campervalles\",\"isPartOf\":{\"@id\":\"https:\/\/www.campervalles.com\/#website\"},\"primaryImageOfPage\":{\"@id\":\"https:\/\/www.campervalles.com\/ca\/politica-de-cookies\/#primaryimage\"},\"image\":{\"@id\":\"https:\/\/www.campervalles.com\/ca\/politica-de-cookies\/#primaryimage\"},\"thumbnailUrl\":\"https:\/\/www.campervalles.com\/wp-content\/uploads\/2019\/01\/header.jpg\",\"datePublished\":\"2019-04-24T12:22:33+00:00\",\"dateModified\":\"2019-08-26T07:37:06+00:00\",\"breadcrumb\":{\"@id\":\"https:\/\/www.campervalles.com\/ca\/politica-de-cookies\/#breadcrumb\"},\"inLanguage\":\"ca\",\"potentialAction\":[{\"@type\":\"ReadAction\",\"target\":[\"https:\/\/www.campervalles.com\/ca\/politica-de-cookies\/\"]}]},{\"@type\":\"ImageObject\",\"inLanguage\":\"ca\",\"@id\":\"https:\/\/www.campervalles.com\/ca\/politica-de-cookies\/#primaryimage\",\"url\":\"https:\/\/www.campervalles.com\/wp-content\/uploads\/2019\/01\/header.jpg\",\"contentUrl\":\"https:\/\/www.campervalles.com\/wp-content\/uploads\/2019\/01\/header.jpg\",\"width\":1400,\"height\":259},{\"@type\":\"BreadcrumbList\",\"@id\":\"https:\/\/www.campervalles.com\/ca\/politica-de-cookies\/#breadcrumb\",\"itemListElement\":[{\"@type\":\"ListItem\",\"position\":1,\"name\":\"Portada\",\"item\":\"https:\/\/www.campervalles.com\/ca\/\"},{\"@type\":\"ListItem\",\"position\":2,\"name\":\"Pol\u00edtica de cookies\"}]},{\"@type\":\"WebSite\",\"@id\":\"https:\/\/www.campervalles.com\/#website\",\"url\":\"https:\/\/www.campervalles.com\/\",\"name\":\"Campervalles\",\"description\":\"\",\"publisher\":{\"@id\":\"https:\/\/www.campervalles.com\/#organization\"},\"potentialAction\":[{\"@type\":\"SearchAction\",\"target\":{\"@type\":\"EntryPoint\",\"urlTemplate\":\"https:\/\/www.campervalles.com\/?s={search_term_string}\"},\"query-input\":{\"@type\":\"PropertyValueSpecification\",\"valueRequired\":true,\"valueName\":\"search_term_string\"}}],\"inLanguage\":\"ca\"},{\"@type\":\"Organization\",\"@id\":\"https:\/\/www.campervalles.com\/#organization\",\"name\":\"Campervalles\",\"url\":\"https:\/\/www.campervalles.com\/\",\"logo\":{\"@type\":\"ImageObject\",\"inLanguage\":\"ca\",\"@id\":\"https:\/\/www.campervalles.com\/#\/schema\/logo\/image\/\",\"url\":\"https:\/\/www.campervalles.com\/wp-content\/uploads\/2019\/06\/campervalles-1200x..png\",\"contentUrl\":\"https:\/\/www.campervalles.com\/wp-content\/uploads\/2019\/06\/campervalles-1200x..png\",\"width\":1200,\"height\":774,\"caption\":\"Campervalles\"},\"image\":{\"@id\":\"https:\/\/www.campervalles.com\/#\/schema\/logo\/image\/\"},\"sameAs\":[\"https:\/\/www.facebook.com\/Alquiler.Autocaravanas.Terrassa\/\",\"https:\/\/www.instagram.com\/campervalles\/\"]}]}<\/script>\n<!-- \/ Yoast SEO plugin. -->","yoast_head_json":{"title":"Pol\u00edtica de cookies - Campervalles","robots":{"index":"noindex","follow":"follow"},"og_locale":"ca_ES","og_type":"article","og_title":"Pol\u00edtica de cookies - Campervalles","og_description":"[vc_row el_class=&#8221;container&#8221;][vc_column][vc_column_text]En cumplimiento de la Ley 34\/2002, de 11 de julio, de Servicios de la Sociedad de la Informaci\u00f3n y Comercio Electr\u00f3nico le informamos de la utilizaci\u00f3n de cookies en nuestro Sitio Web\u00a0 (www.campervalles.com) con el fin de facilitar y mejorar la navegaci\u00f3n a los usuarios, recordando por donde naveg\u00f3 en el sitio web, su &hellip;","og_url":"https:\/\/www.campervalles.com\/ca\/politica-de-cookies\/","og_site_name":"Campervalles","article_publisher":"https:\/\/www.facebook.com\/Alquiler.Autocaravanas.Terrassa\/","article_modified_time":"2019-08-26T07:37:06+00:00","og_image":[{"width":1400,"height":259,"url":"https:\/\/www.campervalles.com\/wp-content\/uploads\/2019\/01\/header.jpg","type":"image\/jpeg"}],"twitter_card":"summary_large_image","twitter_misc":{"Temps estimat de lectura":"4 minuts"},"schema":{"@context":"https:\/\/schema.org","@graph":[{"@type":"WebPage","@id":"https:\/\/www.campervalles.com\/ca\/politica-de-cookies\/","url":"https:\/\/www.campervalles.com\/ca\/politica-de-cookies\/","name":"Pol\u00edtica de cookies - Campervalles","isPartOf":{"@id":"https:\/\/www.campervalles.com\/#website"},"primaryImageOfPage":{"@id":"https:\/\/www.campervalles.com\/ca\/politica-de-cookies\/#primaryimage"},"image":{"@id":"https:\/\/www.campervalles.com\/ca\/politica-de-cookies\/#primaryimage"},"thumbnailUrl":"https:\/\/www.campervalles.com\/wp-content\/uploads\/2019\/01\/header.jpg","datePublished":"2019-04-24T12:22:33+00:00","dateModified":"2019-08-26T07:37:06+00:00","breadcrumb":{"@id":"https:\/\/www.campervalles.com\/ca\/politica-de-cookies\/#breadcrumb"},"inLanguage":"ca","potentialAction":[{"@type":"ReadAction","target":["https:\/\/www.campervalles.com\/ca\/politica-de-cookies\/"]}]},{"@type":"ImageObject","inLanguage":"ca","@id":"https:\/\/www.campervalles.com\/ca\/politica-de-cookies\/#primaryimage","url":"https:\/\/www.campervalles.com\/wp-content\/uploads\/2019\/01\/header.jpg","contentUrl":"https:\/\/www.campervalles.com\/wp-content\/uploads\/2019\/01\/header.jpg","width":1400,"height":259},{"@type":"BreadcrumbList","@id":"https:\/\/www.campervalles.com\/ca\/politica-de-cookies\/#breadcrumb","itemListElement":[{"@type":"ListItem","position":1,"name":"Portada","item":"https:\/\/www.campervalles.com\/ca\/"},{"@type":"ListItem","position":2,"name":"Pol\u00edtica de cookies"}]},{"@type":"WebSite","@id":"https:\/\/www.campervalles.com\/#website","url":"https:\/\/www.campervalles.com\/","name":"Campervalles","description":"","publisher":{"@id":"https:\/\/www.campervalles.com\/#organization"},"potentialAction":[{"@type":"SearchAction","target":{"@type":"EntryPoint","urlTemplate":"https:\/\/www.campervalles.com\/?s={search_term_string}"},"query-input":{"@type":"PropertyValueSpecification","valueRequired":true,"valueName":"search_term_string"}}],"inLanguage":"ca"},{"@type":"Organization","@id":"https:\/\/www.campervalles.com\/#organization","name":"Campervalles","url":"https:\/\/www.campervalles.com\/","logo":{"@type":"ImageObject","inLanguage":"ca","@id":"https:\/\/www.campervalles.com\/#\/schema\/logo\/image\/","url":"https:\/\/www.campervalles.com\/wp-content\/uploads\/2019\/06\/campervalles-1200x..png","contentUrl":"https:\/\/www.campervalles.com\/wp-content\/uploads\/2019\/06\/campervalles-1200x..png","width":1200,"height":774,"caption":"Campervalles"},"image":{"@id":"https:\/\/www.campervalles.com\/#\/schema\/logo\/image\/"},"sameAs":["https:\/\/www.facebook.com\/Alquiler.Autocaravanas.Terrassa\/","https:\/\/www.instagram.com\/campervalles\/"]}]}},"_links":{"self":[{"href":"https:\/\/www.campervalles.com\/ca\/wp-json\/wp\/v2\/pages\/355","targetHints":{"allow":["GET"]}}],"collection":[{"href":"https:\/\/www.campervalles.com\/ca\/wp-json\/wp\/v2\/pages"}],"about":[{"href":"https:\/\/www.campervalles.com\/ca\/wp-json\/wp\/v2\/types\/page"}],"author":[{"embeddable":true,"href":"https:\/\/www.campervalles.com\/ca\/wp-json\/wp\/v2\/users\/1"}],"replies":[{"embeddable":true,"href":"https:\/\/www.campervalles.com\/ca\/wp-json\/wp\/v2\/comments?post=355"}],"version-history":[{"count":0,"href":"https:\/\/www.campervalles.com\/ca\/wp-json\/wp\/v2\/pages\/355\/revisions"}],"wp:featuredmedia":[{"embeddable":true,"href":"https:\/\/www.campervalles.com\/ca\/wp-json\/wp\/v2\/media\/225"}],"wp:attachment":[{"href":"https:\/\/www.campervalles.com\/ca\/wp-json\/wp\/v2\/media?parent=355"}],"curies":[{"name":"wp","href":"https:\/\/api.w.org\/{rel}","templated":true}]}}