{"id":494,"date":"2019-01-14T08:15:06","date_gmt":"2019-01-14T07:15:06","guid":{"rendered":"http:\/\/www.campervalles.com\/?page_id=494"},"modified":"2019-09-20T20:00:27","modified_gmt":"2019-09-20T18:00:27","slug":"preguntes-frequents","status":"publish","type":"page","link":"https:\/\/www.campervalles.com\/ca\/preguntes-frequents\/","title":{"rendered":"Preguntes freq\u00fcents"},"content":{"rendered":"<div class=\"wpb-content-wrapper\">[vc_row el_class=&#8221;container&#8221;][vc_column][vc_custom_heading text=&#8221;Consulta les nostres faqs&#8221; use_theme_fonts=&#8221;yes&#8221;][vc_column_text el_class=&#8221;faqs-text&#8221;]Si tens dubtes sobre el lloguer aqu\u00ed trobar\u00e0s tota la informaci\u00f3 que necessites saber abans de llogar![\/vc_column_text][vc_tta_accordion style=&#8221;outline&#8221; shape=&#8221;square&#8221; active_section=&#8221;1&#8243;][vc_tta_section title=&#8221;Pot conduir una autocaravana qualsevol persona?&#8221; tab_id=&#8221;1547453598833-4eff277d-2ff9&#8243;][vc_column_text]Si, sempre que s&#8217;estigui en possessi\u00f3 del perm\u00eds de conduir B en vigor ( o carnet internacional) i ser major de 23 anys.\r\n\r\nPer\u00f2 recorda que la seva altura i longitud \u00e9s major que un turisme.[\/vc_column_text][\/vc_tta_section][vc_tta_section title=&#8221;A quina velocitat puc circular amb l&#8217;autocaravana?&#8221; tab_id=&#8221;1547453598848-1e7bc606-335f&#8221;][vc_column_text]La velocitat en autopistes i autovies est\u00e0 limitada a 100\u202fkm\/h, a la resta de vies \u00e9s la mateixa que per als turismes.[\/vc_column_text][\/vc_tta_section][vc_tta_section title=&#8221;Qu\u00e8 he de fer per fer una reserva?&#8221; tab_id=&#8221;1551372905507-36c8b8b3-630d&#8221;][vc_column_text]La reserva del vehicle suposa el pagament previ del 30% del total del lloguer en concepte de paga i senyal.[\/vc_column_text][\/vc_tta_section][vc_tta_section title=&#8221;Puc cancel\u00b7lar la reserva un cop feta?&#8221; tab_id=&#8221;1551373008001-f105ce13-83d0&#8243;][vc_column_text]Si, per\u00f2 suposa el pagament de les seg\u00fcents penalitzacions:\r\n<ul>\r\n \t<li>Anul\u00b7laci\u00f3 abans de 30 dies des de l<span class=\"m_311498076521564791hiddengrammarerror\">\u00b4<\/span>inici de la data del lloguer: penalitzaci\u00f3 del 50%<\/li>\r\n \t<li>Anul\u00b7laci\u00f3 entre 30 i 16 dies des de l<span class=\"m_311498076521564791hiddengrammarerror\">\u00b4<\/span>inici del lloguer: penalitzaci\u00f3 del 80%<\/li>\r\n \t<li>Anul\u00b7laci\u00f3 amb menys de 16 dies per inici del lloguer: penalitzaci\u00f3 del 100%<\/li>\r\n<\/ul>\r\n[\/vc_column_text][\/vc_tta_section][vc_tta_section title=&#8221;He de deixar una fian\u00e7a?&#8221; tab_id=&#8221;1551373060685-e9f27dd8-6c91&#8243;][vc_column_text]S\u00ed, de 800\u202f\u20ac amb la mateixa targeta de cr\u00e8dit que es va fer la reserva, aquest \u00e9s un bloqueig de la franqu\u00edcia a trav\u00e9s del\u00a0<span class=\"m_311498076521564791hiddenspellerror\">TPV<\/span>, per garantir l&#8217;\u00fas i correcta devoluci\u00f3 del vehicle.[\/vc_column_text][\/vc_tta_section][vc_tta_section title=&#8221;Quina asseguran\u00e7a t\u00e9 l&#8217;autocaravana?&#8221; tab_id=&#8221;1551373092868-a920e9ae-38a6&#8243;][vc_column_text]Les nostres autocaravanes compten amb una asseguran\u00e7a amb franqu\u00edcia de 800\u202f\u20ac, aix\u00f2 significa que tots els danys soferts en l&#8217;autocaravana per culpa del client<span class=\"m_311498076521564791hiddengrammarerror\">\u00a0,<\/span>\u00a0fins a un m\u00e0xim de 800\u202f\u20ac seran descomptats de la fian\u00e7a\r\n\r\nPer aix\u00f2 en fer la recollida del vehicle, es revisaran tots els possibles danys per evitar confusions durant la devoluci\u00f3.[\/vc_column_text][\/vc_tta_section][vc_tta_section title=&#8221;Puc allargar l&#8217;estan\u00e7a en l&#8217;autocaravana sense avisar?&#8221; tab_id=&#8221;1551373126295-ae9e5dc9-d6a7&#8243;][vc_column_text]No podr\u00e0 allargar l&#8217;estan\u00e7a del seu viatge sense previ av\u00eds, si es desitja prolongar la duraci\u00f3 del lloguer, s&#8217;haur\u00e0 de sol\u00b7licitar a l&#8217;empresa\u00a0<span class=\"m_311498076521564791hiddenspellerror\">CAMPERVALLES\u00a0<\/span>amb un m\u00ednim de 3 dies d&#8217;antelaci\u00f3 a la finalitzaci\u00f3 del contracte.[\/vc_column_text][\/vc_tta_section][vc_tta_section title=&#8221;Quan puc recollir l&#8217;autocaravana?&#8221; tab_id=&#8221;1551373166293-0d58778f-7ee0&#8243;][vc_column_text]El nostre horari per recollir i entregar l&#8217;autocaravana \u00e9s a partir de les 15\u202fh fins a les 19\u202fh, no obstant \u00e9s podran pactar entregues fora d&#8217;aquest horari.[\/vc_column_text][\/vc_tta_section][vc_tta_section title=&#8221;Que faig amb el meu cotxe?&#8221; tab_id=&#8221;1551373208402-29907190-1aac&#8221;][vc_column_text]Pots deixar el teu cotxe en les nostres instal\u00b7lacions durant la duraci\u00f3 del lloguer.[\/vc_column_text][\/vc_tta_section][vc_tta_section title=&#8221;Quin tipus d&#8217;autonomia tenen les autocaravanes?&#8221; tab_id=&#8221;1551373230238-f7bece42-1649&#8243;][vc_column_text]S\u00f3n totalment aut\u00f2nomes, no necessiten estar connectades al corrent el\u00e8ctric durant 3 o 4 dies\u00a0<span class=\"m_311498076521564791hiddengrammarerror\">(\u00a0<\/span>sempre que disposis d&#8217;aigua i gas suficient) No obstant podr\u00e0s recarregar aigua o gas a qualsevol benzinera, c\u00e0mping&#8230;[\/vc_column_text][\/vc_tta_section][vc_tta_section title=&#8221;Que haig de portar?&#8221; tab_id=&#8221;1551373273256-8ec077d2-e91d&#8221;][vc_column_text]Consulta els nostres extres per no haver de portar res! O si vols, pots portar les teves tovalloles, llen\u00e7ols&#8230;[\/vc_column_text][\/vc_tta_section][vc_tta_section title=&#8221;Com he de retornar l&#8217;autocaravana?&#8221; tab_id=&#8221;1551373299131-f5563f8b-e0d7&#8243;][vc_column_text]Amb el dip\u00f2sit de combustible ple, com es va entregar, tamb\u00e9 el WC i dip\u00f2sits d&#8217;aig\u00fces residuals degudament buidats, i en bon estat de neteja i conservaci\u00f3.[\/vc_column_text][\/vc_tta_section][vc_tta_section title=&#8221;Puc viatjar a qualsevol lloc?&#8221; tab_id=&#8221;1551373335165-e817dc5a-40c7&#8243;][vc_column_text]Si, per\u00f2 dins de la U.E. Quedar\u00e0 prohibit viatjar a qualsevol pa\u00eds fora de la UE, o amb conflictes b\u00e8l\u00b7lics (consultar amb\u00a0<span class=\"m_311498076521564791hiddenspellerror\">CAMPERVALLES<\/span>\u00a0duran la reserva<span class=\"m_311498076521564791hiddengrammarerror\">)<\/span>[\/vc_column_text][\/vc_tta_section][vc_tta_section title=&#8221;Tens m\u00e9s dubtes?&#8221; tab_id=&#8221;1551373362367-5340332d-fcb5&#8243;][vc_column_text]Totes les condicions d&#8217;\u00fas i lloguer estan especificades a les nostres condicions generals de lloguer, <a href=\"http:\/\/www.campervalles.com\/ca\/condicions-generals-de-lloguer-dautocaravanes\/\"><strong>clica aqu\u00ed per veure-les.<\/strong><\/a>[\/vc_column_text][\/vc_tta_section][\/vc_tta_accordion][\/vc_column][\/vc_row][vc_row css=&#8221;.vc_custom_1557823344923{background-image: url(http:\/\/www.campervalles.com\/wp-content\/uploads\/2019\/05\/banner.jpg?id=476) !important;background-position: center !important;background-repeat: no-repeat !important;background-size: cover !important;}&#8221; el_class=&#8221;box-experiencia&#8221;][vc_column css=&#8221;.vc_custom_1548066165950{padding-top: 120px !important;padding-bottom: 100px !important;}&#8221;][vc_row_inner el_class=&#8221;container&#8221;][vc_column_inner][vc_custom_heading text=&#8221;Viu una experi\u00e8ncia inoblidable!&#8221; font_container=&#8221;tag:h2|font_size:48px|text_align:center|color:%23ffffff&#8221; use_theme_fonts=&#8221;yes&#8221;][vc_cta h2=&#8221;&#8221; txt_align=&#8221;center&#8221; shape=&#8221;square&#8221; style=&#8221;custom&#8221; el_width=&#8221;md&#8221; add_button=&#8221;top&#8221; btn_title=&#8221;Fes la teva reserva online!&#8221; btn_style=&#8221;outline-custom&#8221; btn_outline_custom_color=&#8221;#ffffff&#8221; btn_outline_custom_hover_background=&#8221;#ffffff&#8221; btn_outline_custom_hover_text=&#8221;#595959&#8243; btn_shape=&#8221;square&#8221; btn_size=&#8221;lg&#8221; btn_align=&#8221;center&#8221; btn_button_block=&#8221;true&#8221; css=&#8221;.vc_custom_1559209322443{margin-bottom: 0px !important;padding-bottom: 0px !important;}&#8221; btn_link=&#8221;url:http%3A%2F%2Fwww.campervalles.com%2Fca%2Fdisponibilitat-i-reserves%2F|||&#8221;][\/vc_cta][\/vc_column_inner][\/vc_row_inner][\/vc_column][\/vc_row]<\/div>","protected":false},"excerpt":{"rendered":"[vc_row el_class=&#8221;container&#8221;][vc_column][vc_custom_heading text=&#8221;Consulta les nostres faqs&#8221; use_theme_fonts=&#8221;yes&#8221;][vc_column_text el_class=&#8221;faqs-text&#8221;]Si tens dubtes sobre el lloguer aqu\u00ed trobar\u00e0s tota la informaci\u00f3 que necessites saber abans de llogar![\/vc_column_text][vc_tta_accordion style=&#8221;outline&#8221; shape=&#8221;square&#8221; active_section=&#8221;1&#8243;][vc_tta_section title=&#8221;Pot conduir una autocaravana qualsevol persona?&#8221; tab_id=&#8221;1547453598833-4eff277d-2ff9&#8243;][vc_column_text]Si, sempre que s&#8217;estigui en possessi\u00f3 del perm\u00eds de conduir B en vigor ( o carnet internacional) i ser major de 23 &hellip;","protected":false},"author":1,"featured_media":474,"parent":0,"menu_order":0,"comment_status":"closed","ping_status":"closed","template":"","meta":{"_acf_changed":false,"footnotes":""},"class_list":["post-494","page","type-page","status-publish","has-post-thumbnail","hentry"],"acf":[],"yoast_head":"<!-- This site is optimized with the Yoast SEO plugin v27.1.1 - https:\/\/yoast.com\/product\/yoast-seo-wordpress\/ -->\n<title>\u25b6 Preguntes freq\u00fcents | Campervalles<\/title>\n<meta name=\"description\" content=\"Tens algun dubte sobre el lloguer d&#039;Autocaravanes? Visita la nostra p\u00e0gina web i descobreix les preguntes m\u00e9s habituals que ens fan els nostres clients.\" \/>\n<meta name=\"robots\" content=\"index, follow, max-snippet:-1, max-image-preview:large, max-video-preview:-1\" \/>\n<link rel=\"canonical\" href=\"https:\/\/www.campervalles.com\/ca\/preguntes-frequents\/\" \/>\n<meta property=\"og:locale\" content=\"ca_ES\" \/>\n<meta property=\"og:type\" content=\"article\" \/>\n<meta property=\"og:title\" content=\"\u25b6 Preguntes freq\u00fcents | Campervalles\" \/>\n<meta property=\"og:description\" content=\"Tens algun dubte sobre el lloguer d&#039;Autocaravanes? Visita la nostra p\u00e0gina web i descobreix les preguntes m\u00e9s habituals que ens fan els nostres clients.\" \/>\n<meta property=\"og:url\" content=\"https:\/\/www.campervalles.com\/ca\/preguntes-frequents\/\" \/>\n<meta property=\"og:site_name\" content=\"Campervalles\" \/>\n<meta property=\"article:publisher\" content=\"https:\/\/www.facebook.com\/Alquiler.Autocaravanas.Terrassa\/\" \/>\n<meta property=\"article:modified_time\" content=\"2019-09-20T18:00:27+00:00\" \/>\n<meta property=\"og:image\" content=\"https:\/\/www.campervalles.com\/wp-content\/uploads\/2019\/05\/header-interiors.jpg\" \/>\n\t<meta property=\"og:image:width\" content=\"1400\" \/>\n\t<meta property=\"og:image:height\" content=\"259\" \/>\n\t<meta property=\"og:image:type\" content=\"image\/jpeg\" \/>\n<meta name=\"twitter:card\" content=\"summary_large_image\" \/>\n<meta name=\"twitter:label1\" content=\"Temps estimat de lectura\" \/>\n\t<meta name=\"twitter:data1\" content=\"5 minuts\" \/>\n<script type=\"application\/ld+json\" class=\"yoast-schema-graph\">{\"@context\":\"https:\/\/schema.org\",\"@graph\":[{\"@type\":\"WebPage\",\"@id\":\"https:\/\/www.campervalles.com\/ca\/preguntes-frequents\/\",\"url\":\"https:\/\/www.campervalles.com\/ca\/preguntes-frequents\/\",\"name\":\"\u25b6 Preguntes freq\u00fcents | Campervalles\",\"isPartOf\":{\"@id\":\"https:\/\/www.campervalles.com\/#website\"},\"primaryImageOfPage\":{\"@id\":\"https:\/\/www.campervalles.com\/ca\/preguntes-frequents\/#primaryimage\"},\"image\":{\"@id\":\"https:\/\/www.campervalles.com\/ca\/preguntes-frequents\/#primaryimage\"},\"thumbnailUrl\":\"https:\/\/www.campervalles.com\/wp-content\/uploads\/2019\/05\/header-interiors.jpg\",\"datePublished\":\"2019-01-14T07:15:06+00:00\",\"dateModified\":\"2019-09-20T18:00:27+00:00\",\"description\":\"Tens algun dubte sobre el lloguer d'Autocaravanes? Visita la nostra p\u00e0gina web i descobreix les preguntes m\u00e9s habituals que ens fan els nostres clients.\",\"breadcrumb\":{\"@id\":\"https:\/\/www.campervalles.com\/ca\/preguntes-frequents\/#breadcrumb\"},\"inLanguage\":\"ca\",\"potentialAction\":[{\"@type\":\"ReadAction\",\"target\":[\"https:\/\/www.campervalles.com\/ca\/preguntes-frequents\/\"]}]},{\"@type\":\"ImageObject\",\"inLanguage\":\"ca\",\"@id\":\"https:\/\/www.campervalles.com\/ca\/preguntes-frequents\/#primaryimage\",\"url\":\"https:\/\/www.campervalles.com\/wp-content\/uploads\/2019\/05\/header-interiors.jpg\",\"contentUrl\":\"https:\/\/www.campervalles.com\/wp-content\/uploads\/2019\/05\/header-interiors.jpg\",\"width\":1400,\"height\":259},{\"@type\":\"BreadcrumbList\",\"@id\":\"https:\/\/www.campervalles.com\/ca\/preguntes-frequents\/#breadcrumb\",\"itemListElement\":[{\"@type\":\"ListItem\",\"position\":1,\"name\":\"Portada\",\"item\":\"https:\/\/www.campervalles.com\/ca\/\"},{\"@type\":\"ListItem\",\"position\":2,\"name\":\"Preguntes freq\u00fcents\"}]},{\"@type\":\"WebSite\",\"@id\":\"https:\/\/www.campervalles.com\/#website\",\"url\":\"https:\/\/www.campervalles.com\/\",\"name\":\"Campervalles\",\"description\":\"\",\"publisher\":{\"@id\":\"https:\/\/www.campervalles.com\/#organization\"},\"potentialAction\":[{\"@type\":\"SearchAction\",\"target\":{\"@type\":\"EntryPoint\",\"urlTemplate\":\"https:\/\/www.campervalles.com\/?s={search_term_string}\"},\"query-input\":{\"@type\":\"PropertyValueSpecification\",\"valueRequired\":true,\"valueName\":\"search_term_string\"}}],\"inLanguage\":\"ca\"},{\"@type\":\"Organization\",\"@id\":\"https:\/\/www.campervalles.com\/#organization\",\"name\":\"Campervalles\",\"url\":\"https:\/\/www.campervalles.com\/\",\"logo\":{\"@type\":\"ImageObject\",\"inLanguage\":\"ca\",\"@id\":\"https:\/\/www.campervalles.com\/#\/schema\/logo\/image\/\",\"url\":\"https:\/\/www.campervalles.com\/wp-content\/uploads\/2019\/06\/campervalles-1200x..png\",\"contentUrl\":\"https:\/\/www.campervalles.com\/wp-content\/uploads\/2019\/06\/campervalles-1200x..png\",\"width\":1200,\"height\":774,\"caption\":\"Campervalles\"},\"image\":{\"@id\":\"https:\/\/www.campervalles.com\/#\/schema\/logo\/image\/\"},\"sameAs\":[\"https:\/\/www.facebook.com\/Alquiler.Autocaravanas.Terrassa\/\",\"https:\/\/www.instagram.com\/campervalles\/\"]}]}<\/script>\n<!-- \/ Yoast SEO plugin. -->","yoast_head_json":{"title":"\u25b6 Preguntes freq\u00fcents | Campervalles","description":"Tens algun dubte sobre el lloguer d'Autocaravanes? Visita la nostra p\u00e0gina web i descobreix les preguntes m\u00e9s habituals que ens fan els nostres clients.","robots":{"index":"index","follow":"follow","max-snippet":"max-snippet:-1","max-image-preview":"max-image-preview:large","max-video-preview":"max-video-preview:-1"},"canonical":"https:\/\/www.campervalles.com\/ca\/preguntes-frequents\/","og_locale":"ca_ES","og_type":"article","og_title":"\u25b6 Preguntes freq\u00fcents | Campervalles","og_description":"Tens algun dubte sobre el lloguer d'Autocaravanes? Visita la nostra p\u00e0gina web i descobreix les preguntes m\u00e9s habituals que ens fan els nostres clients.","og_url":"https:\/\/www.campervalles.com\/ca\/preguntes-frequents\/","og_site_name":"Campervalles","article_publisher":"https:\/\/www.facebook.com\/Alquiler.Autocaravanas.Terrassa\/","article_modified_time":"2019-09-20T18:00:27+00:00","og_image":[{"width":1400,"height":259,"url":"https:\/\/www.campervalles.com\/wp-content\/uploads\/2019\/05\/header-interiors.jpg","type":"image\/jpeg"}],"twitter_card":"summary_large_image","twitter_misc":{"Temps estimat de lectura":"5 minuts"},"schema":{"@context":"https:\/\/schema.org","@graph":[{"@type":"WebPage","@id":"https:\/\/www.campervalles.com\/ca\/preguntes-frequents\/","url":"https:\/\/www.campervalles.com\/ca\/preguntes-frequents\/","name":"\u25b6 Preguntes freq\u00fcents | Campervalles","isPartOf":{"@id":"https:\/\/www.campervalles.com\/#website"},"primaryImageOfPage":{"@id":"https:\/\/www.campervalles.com\/ca\/preguntes-frequents\/#primaryimage"},"image":{"@id":"https:\/\/www.campervalles.com\/ca\/preguntes-frequents\/#primaryimage"},"thumbnailUrl":"https:\/\/www.campervalles.com\/wp-content\/uploads\/2019\/05\/header-interiors.jpg","datePublished":"2019-01-14T07:15:06+00:00","dateModified":"2019-09-20T18:00:27+00:00","description":"Tens algun dubte sobre el lloguer d'Autocaravanes? Visita la nostra p\u00e0gina web i descobreix les preguntes m\u00e9s habituals que ens fan els nostres clients.","breadcrumb":{"@id":"https:\/\/www.campervalles.com\/ca\/preguntes-frequents\/#breadcrumb"},"inLanguage":"ca","potentialAction":[{"@type":"ReadAction","target":["https:\/\/www.campervalles.com\/ca\/preguntes-frequents\/"]}]},{"@type":"ImageObject","inLanguage":"ca","@id":"https:\/\/www.campervalles.com\/ca\/preguntes-frequents\/#primaryimage","url":"https:\/\/www.campervalles.com\/wp-content\/uploads\/2019\/05\/header-interiors.jpg","contentUrl":"https:\/\/www.campervalles.com\/wp-content\/uploads\/2019\/05\/header-interiors.jpg","width":1400,"height":259},{"@type":"BreadcrumbList","@id":"https:\/\/www.campervalles.com\/ca\/preguntes-frequents\/#breadcrumb","itemListElement":[{"@type":"ListItem","position":1,"name":"Portada","item":"https:\/\/www.campervalles.com\/ca\/"},{"@type":"ListItem","position":2,"name":"Preguntes freq\u00fcents"}]},{"@type":"WebSite","@id":"https:\/\/www.campervalles.com\/#website","url":"https:\/\/www.campervalles.com\/","name":"Campervalles","description":"","publisher":{"@id":"https:\/\/www.campervalles.com\/#organization"},"potentialAction":[{"@type":"SearchAction","target":{"@type":"EntryPoint","urlTemplate":"https:\/\/www.campervalles.com\/?s={search_term_string}"},"query-input":{"@type":"PropertyValueSpecification","valueRequired":true,"valueName":"search_term_string"}}],"inLanguage":"ca"},{"@type":"Organization","@id":"https:\/\/www.campervalles.com\/#organization","name":"Campervalles","url":"https:\/\/www.campervalles.com\/","logo":{"@type":"ImageObject","inLanguage":"ca","@id":"https:\/\/www.campervalles.com\/#\/schema\/logo\/image\/","url":"https:\/\/www.campervalles.com\/wp-content\/uploads\/2019\/06\/campervalles-1200x..png","contentUrl":"https:\/\/www.campervalles.com\/wp-content\/uploads\/2019\/06\/campervalles-1200x..png","width":1200,"height":774,"caption":"Campervalles"},"image":{"@id":"https:\/\/www.campervalles.com\/#\/schema\/logo\/image\/"},"sameAs":["https:\/\/www.facebook.com\/Alquiler.Autocaravanas.Terrassa\/","https:\/\/www.instagram.com\/campervalles\/"]}]}},"_links":{"self":[{"href":"https:\/\/www.campervalles.com\/ca\/wp-json\/wp\/v2\/pages\/494","targetHints":{"allow":["GET"]}}],"collection":[{"href":"https:\/\/www.campervalles.com\/ca\/wp-json\/wp\/v2\/pages"}],"about":[{"href":"https:\/\/www.campervalles.com\/ca\/wp-json\/wp\/v2\/types\/page"}],"author":[{"embeddable":true,"href":"https:\/\/www.campervalles.com\/ca\/wp-json\/wp\/v2\/users\/1"}],"replies":[{"embeddable":true,"href":"https:\/\/www.campervalles.com\/ca\/wp-json\/wp\/v2\/comments?post=494"}],"version-history":[{"count":0,"href":"https:\/\/www.campervalles.com\/ca\/wp-json\/wp\/v2\/pages\/494\/revisions"}],"wp:featuredmedia":[{"embeddable":true,"href":"https:\/\/www.campervalles.com\/ca\/wp-json\/wp\/v2\/media\/474"}],"wp:attachment":[{"href":"https:\/\/www.campervalles.com\/ca\/wp-json\/wp\/v2\/media?parent=494"}],"curies":[{"name":"wp","href":"https:\/\/api.w.org\/{rel}","templated":true}]}}